{"id":167,"date":"2025-01-10T14:54:31","date_gmt":"2025-01-10T12:54:31","guid":{"rendered":"https:\/\/nordicfamilygroup.com\/?page_id=167"},"modified":"2026-02-03T14:43:13","modified_gmt":"2026-02-03T12:43:13","slug":"people","status":"publish","type":"page","link":"https:\/\/nordicfamilygroup.com\/sv\/people\/","title":{"rendered":"People"},"content":{"rendered":"\n<div class=\"wp-block-cover alignfull\" style=\"min-height:939px;aspect-ratio:unset;\"><img loading=\"lazy\" decoding=\"async\" width=\"2560\" height=\"1437\" class=\"wp-block-cover__image-background wp-image-574\" alt=\"\" src=\"https:\/\/nordicfamilygroup.com\/wp-content\/uploads\/2025\/01\/pexels-seven11nash-380769-scaled.jpg\" data-object-fit=\"cover\" srcset=\"https:\/\/nordicfamilygroup.com\/wp-content\/uploads\/2025\/01\/pexels-seven11nash-380769-scaled.jpg 2560w, https:\/\/nordicfamilygroup.com\/wp-content\/uploads\/2025\/01\/pexels-seven11nash-380769-300x168.jpg 300w, https:\/\/nordicfamilygroup.com\/wp-content\/uploads\/2025\/01\/pexels-seven11nash-380769-1024x575.jpg 1024w, https:\/\/nordicfamilygroup.com\/wp-content\/uploads\/2025\/01\/pexels-seven11nash-380769-768x431.jpg 768w, https:\/\/nordicfamilygroup.com\/wp-content\/uploads\/2025\/01\/pexels-seven11nash-380769-1536x862.jpg 1536w, https:\/\/nordicfamilygroup.com\/wp-content\/uploads\/2025\/01\/pexels-seven11nash-380769-2048x1150.jpg 2048w\" sizes=\"auto, (max-width: 2560px) 100vw, 2560px\" \/><span aria-hidden=\"true\" class=\"wp-block-cover__background has-ast-global-color-2-background-color has-background-dim-80 has-background-dim\"><\/span><div class=\"wp-block-cover__inner-container is-layout-constrained wp-block-cover-is-layout-constrained\">\n<h1 class=\"wp-block-heading has-ast-global-color-5-color has-text-color has-link-color wp-elements-ec3161a5b6c2a3014f0ef5e095864338\"><strong>Nordic Family Group<\/strong>.<br><strong>V\u00e5r familj.<\/strong><br><\/h1>\n\n\n\n<div class=\"wp-block-buttons is-layout-flex wp-block-buttons-is-layout-flex\">\n<div class=\"wp-block-button is-style-outline is-style-outline--1\"><a class=\"wp-block-button__link has-ast-global-color-5-color has-text-color has-background has-link-color has-border-color has-ast-global-color-5-border-color has-small-font-size has-custom-font-size wp-element-button\" href=\"mailto:info@nordicfamilygroup.com\" style=\"border-width:1px;border-radius:0px;background-color:#68778f00;padding-top:var(--wp--preset--spacing--40);padding-bottom:var(--wp--preset--spacing--40)\">Kontakta oss<\/a><\/div>\n<\/div>\n<\/div><\/div>\n\n\n\n<p><\/p>\n\n\n\n<div style=\"height:56px\" aria-hidden=\"true\" class=\"wp-block-spacer\"><\/div>\n\n\n\n<h2 class=\"wp-block-heading has-text-align-center\"><strong>S\u00e4g hej till personerna som g\u00f6r Nordic Family Group.<\/strong><\/h2>\n\n\n\n<div style=\"height:55px\" aria-hidden=\"true\" class=\"wp-block-spacer\"><\/div>\n\n\n\n<div class=\"wp-block-columns has-ast-global-color-6-background-color has-background is-layout-flex wp-container-core-columns-is-layout-28f84493 wp-block-columns-is-layout-flex\">\n<div class=\"wp-block-column is-layout-flow wp-block-column-is-layout-flow\">\n<figure class=\"wp-block-image aligncenter size-full is-resized is-style-rounded wp-duotone-grayscale\"><img loading=\"lazy\" decoding=\"async\" width=\"900\" height=\"1100\" src=\"https:\/\/nordicfamilygroup.com\/wp-content\/uploads\/2025\/02\/Emmypettersson-21.jpg\" alt=\"\" class=\"wp-image-1301\" style=\"aspect-ratio:1;object-fit:cover;width:238px\" srcset=\"https:\/\/nordicfamilygroup.com\/wp-content\/uploads\/2025\/02\/Emmypettersson-21.jpg 900w, https:\/\/nordicfamilygroup.com\/wp-content\/uploads\/2025\/02\/Emmypettersson-21-655x800.jpg 655w, https:\/\/nordicfamilygroup.com\/wp-content\/uploads\/2025\/02\/Emmypettersson-21-838x1024.jpg 838w, https:\/\/nordicfamilygroup.com\/wp-content\/uploads\/2025\/02\/Emmypettersson-21-768x939.jpg 768w\" sizes=\"auto, (max-width: 900px) 100vw, 900px\" \/><\/figure>\n\n\n\n<p class=\"has-text-align-center has-text-color has-link-color wp-elements-c78283ddf86a7843c603267180a6776d\" style=\"color:#4d596a\"><strong>Emmy Pettersson<\/strong><br><br>VD<br><strong><br><\/strong><a href=\"mailto:emmy.pettersson@hubexo.com\"><strong><a href=\"mailto:emmy.pettersson@marknadsdata.com\" target=\"_blank\" rel=\"noreferrer noopener\">emmy.pettersson@marknadsdata<\/a>.com<\/strong><\/a><\/p>\n<\/div>\n\n\n\n<div class=\"wp-block-column is-layout-flow wp-block-column-is-layout-flow\">\n<figure class=\"wp-block-image aligncenter size-full is-resized is-style-rounded wp-duotone-grayscale\"><img loading=\"lazy\" decoding=\"async\" width=\"400\" height=\"400\" src=\"https:\/\/nordicfamilygroup.com\/wp-content\/uploads\/2025\/01\/1516873672592.jpg\" alt=\"\" class=\"wp-image-606\" style=\"object-fit:cover;width:238px;height:238px\" srcset=\"https:\/\/nordicfamilygroup.com\/wp-content\/uploads\/2025\/01\/1516873672592.jpg 400w, https:\/\/nordicfamilygroup.com\/wp-content\/uploads\/2025\/01\/1516873672592-300x300.jpg 300w, https:\/\/nordicfamilygroup.com\/wp-content\/uploads\/2025\/01\/1516873672592-150x150.jpg 150w\" sizes=\"auto, (max-width: 400px) 100vw, 400px\" \/><\/figure>\n\n\n\n<p class=\"has-text-align-center has-text-color has-link-color wp-elements-0924948e85ce89ee2617da320865caf1\" style=\"color:#4d596a\"><strong>Therese Magnesen Komet<\/strong><br><br>F\u00f6rs\u00e4ljningschef<br><br>+46 70 686 60 67<br><br><a href=\"mailto:therese.magnesen-komet@nordicfamilygroup.com\"><strong>therese.magnesen-komet@nordicfamilygroup.com<\/strong><\/a><\/p>\n<\/div>\n\n\n\n<div class=\"wp-block-column is-layout-flow wp-block-column-is-layout-flow\">\n<figure class=\"wp-block-image aligncenter size-full is-resized is-style-rounded wp-duotone-grayscale\"><img loading=\"lazy\" decoding=\"async\" width=\"768\" height=\"957\" src=\"https:\/\/nordicfamilygroup.com\/wp-content\/uploads\/2025\/02\/Fedrica.jpg\" alt=\"\" class=\"wp-image-1294\" style=\"aspect-ratio:1;object-fit:cover;width:238px\" srcset=\"https:\/\/nordicfamilygroup.com\/wp-content\/uploads\/2025\/02\/Fedrica.jpg 768w, https:\/\/nordicfamilygroup.com\/wp-content\/uploads\/2025\/02\/Fedrica-642x800.jpg 642w\" sizes=\"auto, (max-width: 768px) 100vw, 768px\" \/><\/figure>\n\n\n\n<p class=\"has-text-align-center has-text-color has-link-color wp-elements-d107b9e69e95cf1468376369276388f5\" style=\"color:#4d596a\"><strong>Fredrica Berg<\/strong><br><br>Head of Operations<br><br><a href=\"mailto:fredrica.berg@nordicfamilygroup.com\"><strong>fredrica.berg@nordicfamilygroup.com<\/strong><\/a><\/p>\n<\/div>\n<\/div>\n\n\n\n<div class=\"wp-block-columns has-ast-global-color-6-background-color has-background is-layout-flex wp-container-core-columns-is-layout-28f84493 wp-block-columns-is-layout-flex\">\n<div class=\"wp-block-column is-layout-flow wp-block-column-is-layout-flow\">\n<figure class=\"wp-block-image aligncenter size-full is-resized is-style-rounded wp-duotone-grayscale\"><img loading=\"lazy\" decoding=\"async\" width=\"400\" height=\"400\" src=\"https:\/\/nordicfamilygroup.com\/wp-content\/uploads\/2025\/01\/1680203230983.jpg\" alt=\"\" class=\"wp-image-608\" style=\"aspect-ratio:1;object-fit:cover;width:238px\" srcset=\"https:\/\/nordicfamilygroup.com\/wp-content\/uploads\/2025\/01\/1680203230983.jpg 400w, https:\/\/nordicfamilygroup.com\/wp-content\/uploads\/2025\/01\/1680203230983-300x300.jpg 300w, https:\/\/nordicfamilygroup.com\/wp-content\/uploads\/2025\/01\/1680203230983-150x150.jpg 150w\" sizes=\"auto, (max-width: 400px) 100vw, 400px\" \/><\/figure>\n\n\n\n<p class=\"has-text-align-center has-text-color has-link-color wp-elements-0d582d845010556d6a4148fcb8475d5a\" style=\"color:#4d596a\"><strong>Emil Rosell<br><\/strong><br>Key Account Manager<br><br> +46 70 784 50 51<br><br><a href=\"mailto:emil.rosell@nordicfamilygroup.com\"><strong>emil.rosell@nordicfamilygroup.com<\/strong><\/a><\/p>\n<\/div>\n\n\n\n<div class=\"wp-block-column is-layout-flow wp-block-column-is-layout-flow\">\n<figure class=\"wp-block-image aligncenter size-full is-resized is-style-rounded wp-duotone-grayscale\"><img loading=\"lazy\" decoding=\"async\" width=\"2048\" height=\"1365\" src=\"https:\/\/nordicfamilygroup.com\/wp-content\/uploads\/2025\/04\/web-sessa.png\" alt=\"\" class=\"wp-image-1338\" style=\"object-fit:cover;width:238px;height:238px\" srcset=\"https:\/\/nordicfamilygroup.com\/wp-content\/uploads\/2025\/04\/web-sessa.png 2048w, https:\/\/nordicfamilygroup.com\/wp-content\/uploads\/2025\/04\/web-sessa-800x533.png 800w, https:\/\/nordicfamilygroup.com\/wp-content\/uploads\/2025\/04\/web-sessa-1024x683.png 1024w, https:\/\/nordicfamilygroup.com\/wp-content\/uploads\/2025\/04\/web-sessa-768x512.png 768w, https:\/\/nordicfamilygroup.com\/wp-content\/uploads\/2025\/04\/web-sessa-1536x1024.png 1536w\" sizes=\"auto, (max-width: 2048px) 100vw, 2048px\" \/><\/figure>\n\n\n\n<p class=\"has-text-align-center has-text-color has-link-color wp-elements-950ce52a5f2c67f7c11b2ce978eaf3f8\" style=\"color:#4d596a\"><strong>Sessa Stigborn<\/strong><br><br>Kundansvarig<br><br>+46 790 996 319<br><br><a href=\"mailto:sessa.stigborn@nordicfamilygroup.com\"><strong>sessa.stigborn@nordicfamilygroup.com<\/strong><\/a><\/p>\n<\/div>\n\n\n\n<div class=\"wp-block-column is-layout-flow wp-block-column-is-layout-flow\">\n<figure class=\"wp-block-image aligncenter size-full is-resized is-style-rounded\"><img loading=\"lazy\" decoding=\"async\" width=\"400\" height=\"400\" src=\"https:\/\/nordicfamilygroup.com\/wp-content\/uploads\/2025\/01\/1605185625846.jpg\" alt=\"\" class=\"wp-image-605\" style=\"aspect-ratio:1;object-fit:cover;width:238px\" srcset=\"https:\/\/nordicfamilygroup.com\/wp-content\/uploads\/2025\/01\/1605185625846.jpg 400w, https:\/\/nordicfamilygroup.com\/wp-content\/uploads\/2025\/01\/1605185625846-300x300.jpg 300w, https:\/\/nordicfamilygroup.com\/wp-content\/uploads\/2025\/01\/1605185625846-150x150.jpg 150w\" sizes=\"auto, (max-width: 400px) 100vw, 400px\" \/><\/figure>\n\n\n\n<p class=\"has-text-align-center has-text-color has-link-color wp-elements-656a2d3973521b9c632a77926e9dedf7\" style=\"color:#4d596a\"><strong>Emma Bonnevier<\/strong><br><strong><br><\/strong>Kundansvarig &amp; Projektledare underBARA BARN<br><br>+46 73 800 15 64<br><br><a href=\"mailto:emma.bonnevier@nordicfamilygroup.com\"><strong>emma.bonnevier@nordicfamilygroup.com<\/strong><\/a><\/p>\n<\/div>\n<\/div>\n\n\n\n<div class=\"wp-block-columns has-ast-global-color-6-background-color has-background is-layout-flex wp-container-core-columns-is-layout-28f84493 wp-block-columns-is-layout-flex\">\n<div class=\"wp-block-column is-layout-flow wp-block-column-is-layout-flow\">\n<figure class=\"wp-block-image aligncenter size-full is-resized is-style-rounded wp-duotone-grayscale\"><img decoding=\"async\" src=\"https:\/\/nordicfamilygroup.com\/wp-content\/uploads\/2025\/08\/gordon-webb-svartvit-1.png\" alt=\"\" class=\"wp-image-1375\" style=\"aspect-ratio:1;object-fit:cover;width:238px\"\/><\/figure>\n\n\n\n<p class=\"has-text-align-center has-text-color has-link-color wp-elements-d4576ebfdecacadc050610a5278757f2\" style=\"color:#4d596a\"><strong>Gordon Vincent<\/strong><br><br>Kundansvarig<\/p>\n\n\n\n<p class=\"has-text-align-center has-text-color has-link-color wp-elements-5aae73a0b824ea24c8734a9f0abe6569\" style=\"color:#4d596a\">+46 70 784 50 04<br><br><strong><a href=\"mailto:ellen.visser@nordicfamilygroup.com\">gordon.vincent@nordicfamilygroup.com<\/a><\/strong><\/p>\n<\/div>\n\n\n\n<div class=\"wp-block-column is-layout-flow wp-block-column-is-layout-flow\">\n<figure class=\"wp-block-image aligncenter size-full is-resized is-style-rounded\"><img loading=\"lazy\" decoding=\"async\" width=\"360\" height=\"360\" src=\"https:\/\/nordicfamilygroup.com\/wp-content\/uploads\/2025\/02\/360_F_65772719_A1UV5kLi5nCEWI0BNLLiFaBPEkUbv5Fv.jpg\" alt=\"\" class=\"wp-image-1251\" style=\"aspect-ratio:1;object-fit:cover;width:238px\" srcset=\"https:\/\/nordicfamilygroup.com\/wp-content\/uploads\/2025\/02\/360_F_65772719_A1UV5kLi5nCEWI0BNLLiFaBPEkUbv5Fv.jpg 360w, https:\/\/nordicfamilygroup.com\/wp-content\/uploads\/2025\/02\/360_F_65772719_A1UV5kLi5nCEWI0BNLLiFaBPEkUbv5Fv-300x300.jpg 300w, https:\/\/nordicfamilygroup.com\/wp-content\/uploads\/2025\/02\/360_F_65772719_A1UV5kLi5nCEWI0BNLLiFaBPEkUbv5Fv-150x150.jpg 150w\" sizes=\"auto, (max-width: 360px) 100vw, 360px\" \/><\/figure>\n\n\n\n<p class=\"has-text-align-center has-text-color has-link-color wp-elements-b5b57d32717ac926a92d4d6847b75975\" style=\"color:#4d596a\"><strong>Ellen Visser Vogel<\/strong><br><br>Logistik &amp; Kundtj\u00e4nst<br><br><strong><a href=\"mailto:ellen.visser@nordicfamilygroup.com\">ellen.visser@nordicfamilygroup.com<\/a><\/strong><\/p>\n<\/div>\n\n\n\n<div class=\"wp-block-column is-layout-flow wp-block-column-is-layout-flow\">\n<figure class=\"wp-block-image aligncenter size-full is-resized is-style-rounded\"><img loading=\"lazy\" decoding=\"async\" width=\"360\" height=\"360\" src=\"https:\/\/nordicfamilygroup.com\/wp-content\/uploads\/2025\/02\/360_F_65772719_A1UV5kLi5nCEWI0BNLLiFaBPEkUbv5Fv.jpg\" alt=\"\" class=\"wp-image-1251\" style=\"aspect-ratio:1;object-fit:cover;width:238px\" srcset=\"https:\/\/nordicfamilygroup.com\/wp-content\/uploads\/2025\/02\/360_F_65772719_A1UV5kLi5nCEWI0BNLLiFaBPEkUbv5Fv.jpg 360w, https:\/\/nordicfamilygroup.com\/wp-content\/uploads\/2025\/02\/360_F_65772719_A1UV5kLi5nCEWI0BNLLiFaBPEkUbv5Fv-300x300.jpg 300w, https:\/\/nordicfamilygroup.com\/wp-content\/uploads\/2025\/02\/360_F_65772719_A1UV5kLi5nCEWI0BNLLiFaBPEkUbv5Fv-150x150.jpg 150w\" sizes=\"auto, (max-width: 360px) 100vw, 360px\" \/><\/figure>\n\n\n\n<p class=\"has-text-align-center has-text-color has-link-color wp-elements-7abd6076c3e4f499031b418cfe7a8ea7\" style=\"color:#4d596a\"><strong>Johan T\u00f6rnkvist<br><\/strong><br>Technical Lead &amp; IT<br><br><a href=\"mailto:johan.tornkvist@nordicfamilygroup.com\"><strong>johan.tornkvist@nordicfamilygroup.com<\/strong><\/a><\/p>\n<\/div>\n<\/div>\n\n\n\n<div class=\"wp-block-columns has-ast-global-color-6-background-color has-background is-layout-flex wp-container-core-columns-is-layout-28f84493 wp-block-columns-is-layout-flex\">\n<div class=\"wp-block-column is-layout-flow wp-block-column-is-layout-flow\">\n<figure class=\"wp-block-image aligncenter size-full is-resized is-style-rounded\"><img loading=\"lazy\" decoding=\"async\" width=\"530\" height=\"530\" src=\"https:\/\/nordicfamilygroup.com\/wp-content\/uploads\/2026\/02\/klarabrundin.jpg\" alt=\"\" class=\"wp-image-1462\" style=\"aspect-ratio:1;object-fit:cover;width:238px\" srcset=\"https:\/\/nordicfamilygroup.com\/wp-content\/uploads\/2026\/02\/klarabrundin.jpg 530w, https:\/\/nordicfamilygroup.com\/wp-content\/uploads\/2026\/02\/klarabrundin-400x400.jpg 400w\" sizes=\"auto, (max-width: 530px) 100vw, 530px\" \/><\/figure>\n\n\n\n<p class=\"has-text-align-center has-text-color has-link-color wp-elements-5659cf9ceaa7f87ae32fc14913533700\" style=\"color:#4d596a;padding-top:0;padding-right:0;padding-left:var(--wp--preset--spacing--50)\"><strong>Klara Brundin<\/strong><br><br>Content Manager<br><br><a href=\"mailto:rebecka.nakell@nordicfamilygroup.com\"><strong>klara.brundin@nordicfamilygroup.com<\/strong><\/a><\/p>\n<\/div>\n\n\n\n<div class=\"wp-block-column is-layout-flow wp-block-column-is-layout-flow\">\n<p class=\"has-text-align-center\"><\/p>\n<\/div>\n\n\n\n<div class=\"wp-block-column is-layout-flow wp-block-column-is-layout-flow\">\n<p class=\"has-text-align-center\"><\/p>\n<\/div>\n<\/div>\n\n\n\n<div style=\"height:100px\" aria-hidden=\"true\" class=\"wp-block-spacer\"><\/div>\n","protected":false},"excerpt":{"rendered":"<p>S\u00e4g hej till personerna som g\u00f6r Nordic Family Group. Emmy Pettersson VDemmy.pettersson@marknadsdata.com Therese Magnesen Komet F\u00f6rs\u00e4ljningschef +46 70 686 60 [&hellip;]<\/p>\n","protected":false},"author":4,"featured_media":0,"parent":0,"menu_order":0,"comment_status":"closed","ping_status":"closed","template":"","meta":{"content-type":"","site-sidebar-layout":"default","site-content-layout":"","ast-site-content-layout":"","site-content-style":"default","site-sidebar-style":"default","ast-global-header-display":"","ast-banner-title-visibility":"","ast-main-header-display":"","ast-hfb-above-header-display":"","ast-hfb-below-header-display":"","ast-hfb-mobile-header-display":"","site-post-title":"disabled","ast-breadcrumbs-content":"","ast-featured-img":"","footer-sml-layout":"","theme-transparent-header-meta":"","adv-header-id-meta":"","stick-header-meta":"","header-above-stick-meta":"","header-main-stick-meta":"","header-below-stick-meta":"","astra-migrate-meta-layouts":"default","ast-page-background-enabled":"default","ast-page-background-meta":{"desktop":{"background-color":"var(--ast-global-color-4)","background-image":"","background-repeat":"repeat","background-position":"center center","background-size":"auto","background-attachment":"scroll","background-type":"","background-media":"","overlay-type":"","overlay-color":"","overlay-opacity":"","overlay-gradient":""},"tablet":{"background-color":"","background-image":"","background-repeat":"repeat","background-position":"center center","background-size":"auto","background-attachment":"scroll","background-type":"","background-media":"","overlay-type":"","overlay-color":"","overlay-opacity":"","overlay-gradient":""},"mobile":{"background-color":"","background-image":"","background-repeat":"repeat","background-position":"center center","background-size":"auto","background-attachment":"scroll","background-type":"","background-media":"","overlay-type":"","overlay-color":"","overlay-opacity":"","overlay-gradient":""}},"ast-content-background-meta":{"desktop":{"background-color":"var(--ast-global-color-5)","background-image":"","background-repeat":"repeat","background-position":"center center","background-size":"auto","background-attachment":"scroll","background-type":"","background-media":"","overlay-type":"","overlay-color":"","overlay-opacity":"","overlay-gradient":""},"tablet":{"background-color":"var(--ast-global-color-5)","background-image":"","background-repeat":"repeat","background-position":"center center","background-size":"auto","background-attachment":"scroll","background-type":"","background-media":"","overlay-type":"","overlay-color":"","overlay-opacity":"","overlay-gradient":""},"mobile":{"background-color":"var(--ast-global-color-5)","background-image":"","background-repeat":"repeat","background-position":"center center","background-size":"auto","background-attachment":"scroll","background-type":"","background-media":"","overlay-type":"","overlay-color":"","overlay-opacity":"","overlay-gradient":""}},"footnotes":""},"class_list":["post-167","page","type-page","status-publish","hentry"],"_links":{"self":[{"href":"https:\/\/nordicfamilygroup.com\/sv\/wp-json\/wp\/v2\/pages\/167","targetHints":{"allow":["GET"]}}],"collection":[{"href":"https:\/\/nordicfamilygroup.com\/sv\/wp-json\/wp\/v2\/pages"}],"about":[{"href":"https:\/\/nordicfamilygroup.com\/sv\/wp-json\/wp\/v2\/types\/page"}],"author":[{"embeddable":true,"href":"https:\/\/nordicfamilygroup.com\/sv\/wp-json\/wp\/v2\/users\/4"}],"replies":[{"embeddable":true,"href":"https:\/\/nordicfamilygroup.com\/sv\/wp-json\/wp\/v2\/comments?post=167"}],"version-history":[{"count":83,"href":"https:\/\/nordicfamilygroup.com\/sv\/wp-json\/wp\/v2\/pages\/167\/revisions"}],"predecessor-version":[{"id":1467,"href":"https:\/\/nordicfamilygroup.com\/sv\/wp-json\/wp\/v2\/pages\/167\/revisions\/1467"}],"wp:attachment":[{"href":"https:\/\/nordicfamilygroup.com\/sv\/wp-json\/wp\/v2\/media?parent=167"}],"curies":[{"name":"wp","href":"https:\/\/api.w.org\/{rel}","templated":true}]}}