{"id":165,"date":"2025-01-10T14:54:13","date_gmt":"2025-01-10T12:54:13","guid":{"rendered":"https:\/\/nordicfamilygroup.com\/?page_id=165"},"modified":"2025-02-12T16:06:14","modified_gmt":"2025-02-12T14:06:14","slug":"om-oss","status":"publish","type":"page","link":"https:\/\/nordicfamilygroup.com\/sv\/om-oss\/","title":{"rendered":"Om oss"},"content":{"rendered":"\n<div class=\"wp-block-cover alignfull wp-duotone-grayscale\" style=\"min-height:986px;aspect-ratio:unset;\"><span aria-hidden=\"true\" class=\"wp-block-cover__background has-ast-global-color-2-background-color has-background-dim-70 has-background-dim\"><\/span><img loading=\"lazy\" decoding=\"async\" width=\"1024\" height=\"683\" class=\"wp-block-cover__image-background wp-image-284\" alt=\"\" src=\"https:\/\/nordicfamilygroup.com\/wp-content\/uploads\/2025\/01\/DSC8445.jpg\" style=\"object-position:51% 30%\" data-object-fit=\"cover\" data-object-position=\"51% 30%\" srcset=\"https:\/\/nordicfamilygroup.com\/wp-content\/uploads\/2025\/01\/DSC8445.jpg 1024w, https:\/\/nordicfamilygroup.com\/wp-content\/uploads\/2025\/01\/DSC8445-300x200.jpg 300w, https:\/\/nordicfamilygroup.com\/wp-content\/uploads\/2025\/01\/DSC8445-768x512.jpg 768w\" sizes=\"auto, (max-width: 1024px) 100vw, 1024px\" \/><div class=\"wp-block-cover__inner-container is-layout-constrained wp-block-cover-is-layout-constrained\">\n<h1 class=\"wp-block-heading has-ast-global-color-5-color has-text-color has-link-color wp-elements-7962fd90e49779c266e46837cbf686bf\"><strong>Sedan 1994 har vi <\/strong><br><strong>varit ledande i att n\u00e5 <\/strong><br><strong>den v\u00e4xande familjen.<\/strong><\/h1>\n\n\n\n<p class=\"has-text-align-left has-ast-global-color-5-color has-text-color has-link-color has-x-large-font-size wp-elements-980e44ce05c60f95df31bda48c3bd650\"><\/p>\n\n\n\n<div class=\"wp-block-buttons is-layout-flex wp-block-buttons-is-layout-flex\">\n<div class=\"wp-block-button is-style-outline is-style-outline--1\"><a class=\"wp-block-button__link has-ast-global-color-5-color has-text-color has-background has-link-color has-border-color has-ast-global-color-5-border-color wp-element-button\" href=\"https:\/\/nordicfamilygroup.com\/sv\/people\/\" style=\"border-width:1px;border-radius:0px;background-color:#68778f00;padding-top:var(--wp--preset--spacing--40);padding-right:var(--wp--preset--spacing--70);padding-bottom:var(--wp--preset--spacing--40);padding-left:var(--wp--preset--spacing--70)\">Kontakta oss<\/a><\/div>\n<\/div>\n\n\n\n<p class=\"has-text-align-left has-ast-global-color-5-color has-text-color has-link-color has-x-large-font-size wp-elements-980e44ce05c60f95df31bda48c3bd650\"><\/p>\n<\/div><\/div>\n\n\n\n<h1 class=\"wp-block-heading has-text-align-center has-ast-global-color-2-color has-text-color has-link-color wp-elements-a73f745eb64f2b625496932b425c86e9\" style=\"border-top-color:#ffffff00;border-top-width:40px;border-right-style:none;border-right-width:0px;border-bottom-style:none;border-bottom-width:0px;border-left-style:none;border-left-width:0px\"><strong>Vi n\u00e5r familjen.<\/strong><\/h1>\n\n\n\n<h3 class=\"wp-block-heading\"><strong>Om oss<\/strong><\/h3>\n\n\n\n<p class=\"has-text-color has-link-color has-medium-font-size wp-elements-b32b0402f21a7ca4cf70d7dde382cc74\" style=\"color:#4d596a\">Nordic Family Group \u00e4r ett ledande mediehus som sedan 1992 har riktat sig till familjer under graviditet och sm\u00e5barns\u00e5r. Vi har under \u00e5rens lopp byggt upp en djup f\u00f6rst\u00e5else f\u00f6r de unika behov och \u00f6nskem\u00e5l som uppst\u00e5r under denna omv\u00e4lvande tid i livet. Vi f\u00f6rst\u00e5r f\u00f6r\u00e4ldraskapets drivkrafter och vet vad som kr\u00e4vs f\u00f6r att skapa starka varum\u00e4rken som lever kvar i familjer, generation efter generation. Under 2024 fick familjen sitt senaste tillskott, ValpBag. I och med den lanseringen kan vi nu hj\u00e4lpa varum\u00e4rken och kunder att n\u00e5 ut till nyblivna valp\u00e4gare.<\/p>\n\n\n\n<p class=\"has-text-color has-link-color has-medium-font-size wp-elements-b2bb63c964731ac05a7eb9630cde6ad7\" style=\"color:#4d596a\">Genom att erbjuda produkter och tj\u00e4nster med noggrant utvalda kvalitetsprodukter fr\u00e5n v\u00e4lrenommerade varum\u00e4rken, hj\u00e4lper vi f\u00f6r\u00e4ldrar (och valp\u00e4gare) att navigera i en vardag fylld av nya utmaningar och gl\u00e4dje. V\u00e5ra l\u00f6sningar g\u00f6r det m\u00f6jligt f\u00f6r m\u00e5lgruppen att prova och utv\u00e4rdera produkter i hemmets lugn och ro, vilket skapar trygghet och f\u00f6rtroende i beslutsprocessen.<\/p>\n\n\n\n<h3 class=\"wp-block-heading\"><strong>R\u00e4ckvidd<\/strong><\/h3>\n\n\n\n<p class=\"has-text-color has-link-color has-medium-font-size wp-elements-07dd7720744fff513e79e81914cf1f5a\" style=\"color:#4d596a\">Vi \u00e4r stolta \u00f6ver att verka i hela Norden \u2013 Sverige, Norge, Danmark och Finland \u2013 d\u00e4r vi n\u00e5r ut till en majoritet av alla gravida och nyblivna familjer. Genom Nordic Family Group f\u00e5r v\u00e5ra samarbetspartners tillg\u00e5ng till en unik och bred m\u00e5lgrupp.<\/p>\n\n\n\n<p class=\"has-text-color has-link-color has-medium-font-size wp-elements-2e41d7b079e63e3356983f14ed747ce7\" style=\"color:#4d596a\">Vi erbjuder effektiva och innovativa kommunikationskanaler som garanterar h\u00f6g kvalitet och tr\u00e4ffs\u00e4kerhet. Genom att n\u00e5 r\u00e4tt m\u00e5lgrupp vid r\u00e4tt tidpunkt kan vi hj\u00e4lpa varum\u00e4rken att skapa stabila och l\u00e5ngsiktiga relationer med f\u00f6r\u00e4ldrar, vilket bidrar till \u00f6kad kostnadseffektivitet och varum\u00e4rkeslojalitet.<\/p>\n\n\n\n<p class=\"has-medium-font-size\"><\/p>\n\n\n\n<div style=\"height:53px\" aria-hidden=\"true\" class=\"wp-block-spacer\"><\/div>\n\n\n\n<div class=\"wp-block-cover alignfull\" style=\"min-height:360px;aspect-ratio:unset;\"><span aria-hidden=\"true\" class=\"wp-block-cover__background has-ast-global-color-3-background-color has-background-dim-100 has-background-dim\"><\/span><div class=\"wp-block-cover__inner-container is-layout-constrained wp-block-cover-is-layout-constrained\">\n<p class=\"has-text-align-center has-ast-global-color-5-color has-text-color has-link-color wp-elements-2e2de3cb408473ce2700ed5bc34a08db\" style=\"font-size:27px\"><em>&#8221;V\u00e5r mission \u00e4r att f\u00f6renkla livet f\u00f6r den v\u00e4xande familjen, genom att skapa produkter och tj\u00e4nster som g\u00f6r livet i f\u00f6r\u00e4ndring b\u00e5de tryggt, bekv\u00e4mt och utvecklande. Vi str\u00e4var efter att kombinera noggrant utvalda kanaler, smart design och en f\u00f6rst\u00e5else f\u00f6r den v\u00e4xande familjens utmaningar. Vi finns h\u00e4r f\u00f6r familjen. &#8221;<\/em><br><br>&#8211; Emmy Pettersson, VD Nordic Family Group<\/p>\n\n\n\n<p><\/p>\n<\/div><\/div>\n\n\n\n<div style=\"height:64px\" aria-hidden=\"true\" class=\"wp-block-spacer\"><\/div>\n\n\n\n<h3 class=\"wp-block-heading\"><strong>V\u00e5r vision<\/strong><\/h3>\n\n\n\n<p class=\"has-text-color has-link-color has-medium-font-size wp-elements-406e2d8a1b380b17d451efd438c3a606\" style=\"color:#4d596a\">Att vara en sj\u00e4lvklar del av familjers vardag och g\u00f6ra livet enklare \u2013 varje dag.<\/p>\n\n\n\n<h3 class=\"wp-block-heading\"><strong>V\u00e5r aff\u00e4rsid\u00e9<\/strong><\/h3>\n\n\n\n<p class=\"has-text-color has-link-color has-medium-font-size wp-elements-323e66c1651305a9878603a525b91f5c\" style=\"color:#4d596a\">Vi tillhandah\u00e5ller f\u00f6rtroendeingivande marknadskanaler som kopplar samman v\u00e4lk\u00e4nda varum\u00e4rken med den v\u00e4xande familjen.<\/p>\n\n\n\n<h3 class=\"wp-block-heading\"><strong>V\u00e5r mission<\/strong><\/h3>\n\n\n\n<p class=\"has-text-color has-link-color has-medium-font-size wp-elements-8d417ddd940132ad2e334cd0769af9ab\" style=\"color:#4d596a\">Att f\u00f6renkla livet f\u00f6r blivande och nyblivna f\u00f6r\u00e4ldrar och valp\u00e4gare \u00e4r v\u00e5r drivkraft. Vi str\u00e4var efter att g\u00f6ra den f\u00f6rsta tiden s\u00e4ker, behaglig och stimulerande genom att erbjuda praktiska l\u00f6sningar, inspiration och p\u00e5litlig v\u00e4gledning.<\/p>\n\n\n\n<div style=\"height:144px\" aria-hidden=\"true\" class=\"wp-block-spacer\"><\/div>\n\n\n\n<p><\/p>\n","protected":false},"excerpt":{"rendered":"<p>Vi n\u00e5r familjen. Om oss Nordic Family Group \u00e4r ett ledande mediehus som sedan 1992 har riktat sig till familjer [&hellip;]<\/p>\n","protected":false},"author":4,"featured_media":0,"parent":0,"menu_order":0,"comment_status":"closed","ping_status":"closed","template":"","meta":{"content-type":"","site-sidebar-layout":"default","site-content-layout":"","ast-site-content-layout":"","site-content-style":"default","site-sidebar-style":"default","ast-global-header-display":"","ast-banner-title-visibility":"","ast-main-header-display":"","ast-hfb-above-header-display":"","ast-hfb-below-header-display":"","ast-hfb-mobile-header-display":"","site-post-title":"disabled","ast-breadcrumbs-content":"","ast-featured-img":"","footer-sml-layout":"","theme-transparent-header-meta":"","adv-header-id-meta":"","stick-header-meta":"","header-above-stick-meta":"","header-main-stick-meta":"","header-below-stick-meta":"","astra-migrate-meta-layouts":"default","ast-page-background-enabled":"default","ast-page-background-meta":{"desktop":{"background-color":"var(--ast-global-color-4)","background-image":"","background-repeat":"repeat","background-position":"center center","background-size":"auto","background-attachment":"scroll","background-type":"","background-media":"","overlay-type":"","overlay-color":"","overlay-opacity":"","overlay-gradient":""},"tablet":{"background-color":"","background-image":"","background-repeat":"repeat","background-position":"center center","background-size":"auto","background-attachment":"scroll","background-type":"","background-media":"","overlay-type":"","overlay-color":"","overlay-opacity":"","overlay-gradient":""},"mobile":{"background-color":"","background-image":"","background-repeat":"repeat","background-position":"center center","background-size":"auto","background-attachment":"scroll","background-type":"","background-media":"","overlay-type":"","overlay-color":"","overlay-opacity":"","overlay-gradient":""}},"ast-content-background-meta":{"desktop":{"background-color":"var(--ast-global-color-5)","background-image":"","background-repeat":"repeat","background-position":"center center","background-size":"auto","background-attachment":"scroll","background-type":"","background-media":"","overlay-type":"","overlay-color":"","overlay-opacity":"","overlay-gradient":""},"tablet":{"background-color":"var(--ast-global-color-5)","background-image":"","background-repeat":"repeat","background-position":"center center","background-size":"auto","background-attachment":"scroll","background-type":"","background-media":"","overlay-type":"","overlay-color":"","overlay-opacity":"","overlay-gradient":""},"mobile":{"background-color":"var(--ast-global-color-5)","background-image":"","background-repeat":"repeat","background-position":"center center","background-size":"auto","background-attachment":"scroll","background-type":"","background-media":"","overlay-type":"","overlay-color":"","overlay-opacity":"","overlay-gradient":""}},"footnotes":""},"class_list":["post-165","page","type-page","status-publish","hentry"],"_links":{"self":[{"href":"https:\/\/nordicfamilygroup.com\/sv\/wp-json\/wp\/v2\/pages\/165","targetHints":{"allow":["GET"]}}],"collection":[{"href":"https:\/\/nordicfamilygroup.com\/sv\/wp-json\/wp\/v2\/pages"}],"about":[{"href":"https:\/\/nordicfamilygroup.com\/sv\/wp-json\/wp\/v2\/types\/page"}],"author":[{"embeddable":true,"href":"https:\/\/nordicfamilygroup.com\/sv\/wp-json\/wp\/v2\/users\/4"}],"replies":[{"embeddable":true,"href":"https:\/\/nordicfamilygroup.com\/sv\/wp-json\/wp\/v2\/comments?post=165"}],"version-history":[{"count":40,"href":"https:\/\/nordicfamilygroup.com\/sv\/wp-json\/wp\/v2\/pages\/165\/revisions"}],"predecessor-version":[{"id":1268,"href":"https:\/\/nordicfamilygroup.com\/sv\/wp-json\/wp\/v2\/pages\/165\/revisions\/1268"}],"wp:attachment":[{"href":"https:\/\/nordicfamilygroup.com\/sv\/wp-json\/wp\/v2\/media?parent=165"}],"curies":[{"name":"wp","href":"https:\/\/api.w.org\/{rel}","templated":true}]}}