{"id":12,"date":"2024-05-31T13:00:52","date_gmt":"2024-05-31T13:00:52","guid":{"rendered":"https:\/\/nordicfamilygroup.com\/?page_id=12"},"modified":"2026-02-17T18:02:31","modified_gmt":"2026-02-17T16:02:31","slug":"home","status":"publish","type":"page","link":"https:\/\/nordicfamilygroup.com\/sv\/","title":{"rendered":"Home"},"content":{"rendered":"\n<div class=\"wp-block-cover alignfull wp-duotone-unset-2\" style=\"min-height:943px;aspect-ratio:unset;\"><img loading=\"lazy\" decoding=\"async\" width=\"1024\" height=\"683\" class=\"wp-block-cover__image-background wp-image-1393 size-large\" alt=\"\" src=\"https:\/\/nordicfamilygroup.com\/wp-content\/uploads\/2025\/10\/pexels-polina-tankilevitch-3875225-1024x683.jpg\" style=\"object-position:59% 7%\" data-object-fit=\"cover\" data-object-position=\"59% 7%\" srcset=\"https:\/\/nordicfamilygroup.com\/wp-content\/uploads\/2025\/10\/pexels-polina-tankilevitch-3875225-1024x683.jpg 1024w, https:\/\/nordicfamilygroup.com\/wp-content\/uploads\/2025\/10\/pexels-polina-tankilevitch-3875225-800x533.jpg 800w, https:\/\/nordicfamilygroup.com\/wp-content\/uploads\/2025\/10\/pexels-polina-tankilevitch-3875225-768x512.jpg 768w, https:\/\/nordicfamilygroup.com\/wp-content\/uploads\/2025\/10\/pexels-polina-tankilevitch-3875225-1536x1024.jpg 1536w, https:\/\/nordicfamilygroup.com\/wp-content\/uploads\/2025\/10\/pexels-polina-tankilevitch-3875225-2048x1365.jpg 2048w\" sizes=\"auto, (max-width: 1024px) 100vw, 1024px\" \/><span aria-hidden=\"true\" class=\"wp-block-cover__background has-background-dim wp-block-cover__gradient-background has-background-gradient\" style=\"background:linear-gradient(135deg,rgb(64,51,51) 0%,rgba(50,54,59,0.03) 100%)\"><\/span><div class=\"wp-block-cover__inner-container is-layout-flow wp-block-cover-is-layout-flow\">\n<div class=\"inherit-container-width wp-block-group alignwide is-layout-constrained wp-block-group-is-layout-constrained\">\n<div class=\"wp-block-columns alignwide are-vertically-aligned-center is-layout-flex wp-container-core-columns-is-layout-28f84493 wp-block-columns-is-layout-flex\">\n<div class=\"wp-block-column is-layout-flow wp-block-column-is-layout-flow\" style=\"flex-basis:57%\">\n<h1 class=\"wp-block-heading has-text-align-left has-white-color has-text-color\"><strong>V\u00e4lkommen till Nordens ledande mediahus f\u00f6r alla v\u00e4xande familjer.<\/strong><\/h1>\n\n\n\n<p class=\"has-ast-global-color-5-color has-text-color has-link-color wp-elements-5485a51105f15fb55e7f9f60df30be92\" style=\"font-size:32px\">Hem f\u00f6r familjevarum\u00e4rken.<\/p>\n\n\n\n<div class=\"wp-block-buttons is-layout-flex wp-block-buttons-is-layout-flex\">\n<div class=\"wp-block-button is-style-outline is-style-outline--1\"><a class=\"wp-block-button__link has-ast-global-color-5-color has-text-color has-background has-link-color has-border-color has-text-align-center wp-element-button\" href=\"https:\/\/nordicfamilygroup.com\/sv\/people\/\" style=\"border-color:var(--ast-global-color-5);border-width:2px;border-radius:1px;background-color:#68778f00\"><mark style=\"background-color:rgba(0, 0, 0, 0)\" class=\"has-inline-color has-ast-global-color-5-color\">Kontakta oss<\/mark><\/a><\/div>\n<\/div>\n<\/div>\n<\/div>\n<\/div>\n<\/div><\/div>\n\n\n\n<div class=\"wp-block-group alignfull spacer-block--xl has-ast-global-color-6-background-color has-background is-layout-constrained wp-container-core-group-is-layout-73c07e67 wp-block-group-is-layout-constrained\" id=\"whyus\">\n<h2 class=\"wp-block-heading has-text-align-center has-text-color has-link-color wp-elements-55fb784d2822d194639f5d708ec8522f\" style=\"color:#002060\"><strong>V\u00e5ra koncept.<\/strong><\/h2>\n\n\n\n<div class=\"wp-block-columns is-layout-flex wp-container-core-columns-is-layout-29aadeec wp-block-columns-is-layout-flex\" style=\"margin-top:60px\">\n<div class=\"wp-block-column is-layout-flow wp-container-core-column-is-layout-6b73ce23 wp-block-column-is-layout-flow\">\n<h3 class=\"wp-block-heading\">01.<\/h3>\n\n\n\n<p class=\"has-ast-global-color-2-color has-text-color has-link-color has-medium-font-size wp-elements-c2eec8f7715066837a9ae35bd7b0f15c\"><strong>BabyBox<\/strong><sup>\u00ae<\/sup><\/p>\n\n\n\n<p class=\"has-text-color has-link-color wp-elements-bee6c0b5a6cfc99c778f3f7fbb5cfa71\" style=\"color:#4d596a\">BabyBox \u00e4r ett startkit som riktar sig till m\u00e5lgruppen gravida och nyblivna f\u00f6r\u00e4ldrar.<\/p>\n<\/div>\n\n\n\n<div class=\"wp-block-column is-layout-flow wp-container-core-column-is-layout-6b73ce23 wp-block-column-is-layout-flow\">\n<h3 class=\"wp-block-heading\">02.<\/h3>\n\n\n\n<p class=\"has-text-align-left has-ast-global-color-2-color has-text-color has-link-color has-medium-font-size wp-elements-9f7c31a56b200a9eb33e9554536ac116\"><strong>BabyBag<\/strong><sup>\u00ae<\/sup><\/p>\n\n\n\n<p class=\"has-text-color has-link-color wp-elements-30512d8edc1de60bdb61f620e11a308a\" style=\"color:#4d596a\">BabyBag \u00e4r ett startkit f\u00f6r som riktar sig mot m\u00e5lgruppen nyblivna f\u00f6r\u00e4ldrar. <\/p>\n<\/div>\n\n\n\n<div class=\"wp-block-column is-layout-flow wp-container-core-column-is-layout-6b73ce23 wp-block-column-is-layout-flow\">\n<h3 class=\"wp-block-heading\">03.<\/h3>\n\n\n\n<p class=\"has-ast-global-color-2-color has-text-color has-link-color has-medium-font-size wp-elements-68150ac4799d816d3df8495529ed0188\"><strong>ValpBag<\/strong><sup>\u00ae<\/sup><\/p>\n\n\n\n<p class=\"has-text-color has-link-color wp-elements-174170798dfd4175a900afcd90844367\" style=\"color:#4d596a\">ValpBag \u00e4r ett startkit som riktar sig mot m\u00e5lgruppen nya valp\u00e4gare.<\/p>\n<\/div>\n<\/div>\n\n\n\n<div class=\"wp-block-columns is-layout-flex wp-container-core-columns-is-layout-29aadeec wp-block-columns-is-layout-flex\" style=\"margin-top:60px\">\n<div class=\"wp-block-column is-layout-flow wp-container-core-column-is-layout-6b73ce23 wp-block-column-is-layout-flow\">\n<h3 class=\"wp-block-heading\">04.<\/h3>\n\n\n\n<p class=\"has-ast-global-color-2-color has-text-color has-link-color has-medium-font-size wp-elements-f81a7e0f301d8675cf966f4c63166165\"><strong>Underbara barn<\/strong><\/p>\n\n\n\n<p class=\"has-text-color has-link-color wp-elements-bd8b28ebb6253457322da13e7f2a3ba6\" style=\"color:#4d596a\">Underbara barn samlar f\u00f6r\u00e4ldrar, barn och branschens ledande varum\u00e4rken under ett och samma tak i en lekfull milj\u00f6.<\/p>\n<\/div>\n\n\n\n<div class=\"wp-block-column is-layout-flow wp-container-core-column-is-layout-6b73ce23 wp-block-column-is-layout-flow\">\n<h3 class=\"wp-block-heading\">05.<\/h3>\n\n\n\n<p class=\"has-text-align-left has-ast-global-color-2-color has-text-color has-link-color has-medium-font-size wp-elements-d3df321c2b026ea2d87cd7fe6e6c8885\"><strong>Digitalt<\/strong><\/p>\n\n\n\n<p class=\"has-text-color has-link-color wp-elements-7c829aa1dd2727e86774e2846355caf9\" style=\"color:#4d596a\">Med v\u00e5ra unika tr\u00e4ffs\u00e4kra kanaler med h\u00f6g r\u00e4ckvidd kan du n\u00e5 ut l\u00f6pande och under kampanjer.<\/p>\n<\/div>\n\n\n\n<div class=\"wp-block-column is-layout-flow wp-container-core-column-is-layout-6b73ce23 wp-block-column-is-layout-flow\">\n<h3 class=\"wp-block-heading\">06.<\/h3>\n\n\n\n<p class=\"has-ast-global-color-2-color has-text-color has-link-color has-medium-font-size wp-elements-f48b6df97e2c59adc08c8f33805f02a8\"><strong>Magasin<\/strong><\/p>\n\n\n\n<p class=\"has-text-color has-link-color wp-elements-26df175bacf50f408deeef320875df23\" style=\"color:#4d596a\">Magasinen inneh\u00e5ller aktuella teman, sp\u00e4nnande kr\u00f6nikor och reportage. Som varum\u00e4rke finns m\u00f6jlighet till att medverka med annons eller advertorial.<\/p>\n<\/div>\n<\/div>\n\n\n\n<div style=\"height:61px\" aria-hidden=\"true\" class=\"wp-block-spacer\"><\/div>\n\n\n\n<div class=\"wp-block-buttons is-content-justification-center is-layout-flex wp-container-core-buttons-is-layout-a89b3969 wp-block-buttons-is-layout-flex\">\n<div class=\"wp-block-button\"><a class=\"wp-block-button__link has-ast-global-color-5-color has-ast-global-color-2-background-color has-text-color has-background has-link-color wp-element-button\" href=\"https:\/\/nordicfamilygroup.com\/sv\/koncept\/\" style=\"padding-top:var(--wp--preset--spacing--40);padding-right:var(--wp--preset--spacing--50);padding-bottom:var(--wp--preset--spacing--40);padding-left:var(--wp--preset--spacing--50)\">L\u00e4s mer om v\u00e5ra koncept<\/a><\/div>\n<\/div>\n<\/div>\n\n\n\n<div class=\"wp-block-columns alignfull are-vertically-aligned-top has-ast-global-color-5-color has-ast-global-color-2-background-color has-text-color has-background has-link-color wp-elements-11ac3c7f64eb81df775ac37705639887 is-layout-flex wp-container-core-columns-is-layout-28f84493 wp-block-columns-is-layout-flex\">\n<div class=\"wp-block-column is-vertically-aligned-top is-layout-flow wp-block-column-is-layout-flow\">\n<p class=\"has-text-align-center has-large-font-size\"><strong>N\u00e5 +500 000 mottagare <br>i m\u00e5lgruppen<\/strong><\/p>\n<\/div>\n\n\n\n<div class=\"wp-block-column is-vertically-aligned-top is-layout-flow wp-block-column-is-layout-flow\">\n<p class=\"has-text-align-center has-x-large-font-size\"><strong>4 l\u00e4nder<\/strong><\/p>\n<\/div>\n\n\n\n<div class=\"wp-block-column is-vertically-aligned-top is-layout-flow wp-block-column-is-layout-flow\">\n<p class=\"has-text-align-center has-x-large-font-size\"><strong>6 olika kanaler<\/strong><\/p>\n<\/div>\n<\/div>\n\n\n\n<div class=\"wp-block-group alignfull has-ast-global-color-6-background-color has-background is-layout-constrained wp-container-core-group-is-layout-776020af wp-block-group-is-layout-constrained\" id=\"about\" style=\"padding-top:106px;padding-bottom:106px\">\n<div class=\"wp-block-media-text has-media-on-the-right is-stacked-on-mobile is-vertically-aligned-center\"><div class=\"wp-block-media-text__content\">\n<p class=\"has-text-color has-link-color wp-elements-25418ef43bc464bb5230b6e9fd9b41e1\" style=\"color:#4d596a\"><strong>V\u00e5r historia<\/strong><\/p>\n\n\n\n<div class=\"inherit-container-width wp-block-group is-layout-constrained wp-container-core-group-is-layout-47ce07ec wp-block-group-is-layout-constrained\" style=\"padding-right:80px\">\n<h2 class=\"wp-block-heading has-text-color has-link-color wp-elements-a66ffc3cc15e889065157f70d16ff962\" style=\"color:#002060;padding-right:40px\">Tillsammans i f\u00f6r\u00e4ldraskapet med 7 miljoner familjer.<\/h2>\n\n\n\n<p class=\"has-text-color has-link-color wp-elements-67fec95346a4eee919e69787bb95c3e0\" style=\"color:#4d596a\">Sedan 1992 har vi haft den stora f\u00f6rm\u00e5nen och lyxen att f\u00e5 vara en del av resan genom familjelivet f\u00f6r \u00f6ver 7 miljoner familjer. Vi \u00e4r idag Nordens ledande mediahus f\u00f6r att n\u00e5 ut och skapa relationer till m\u00e5lgruppen blivande och nyblivna familjer.<\/p>\n\n\n\n<p class=\"has-text-color has-link-color wp-elements-0f25797552cd5b52189f54961207da97\" style=\"color:#4d596a\">Fr\u00e5n plusset p\u00e5 stickan, de f\u00f6rsta sparkarna i magen, n\u00e4r BB-v\u00e4skan ska packas och barnrummet inredas. Genom amning, s\u00f6mnbrist, smakprover, de f\u00f6rsta stegen, inskolning och allt d\u00e4remellan. Genom skratt och t\u00e5rar. Varje familjeresa \u00e4r unik och fantastisk. Tack f\u00f6r att vi f\u00e5r vara en del av den. <\/p>\n\n\n\n<p class=\"has-text-color has-link-color wp-elements-7ede81bcd75f7332f864499be5e74457\" style=\"color:#4d596a\">I april 2024 ut\u00f6kade vi \u00e4ven familjen med ValpBag som ger varum\u00e4rken en m\u00f6jlighet att n\u00e5 nyblivna valp\u00e4gare.<\/p>\n\n\n\n<p class=\"has-text-color has-link-color wp-elements-8dc8f579a1046d4d879cef4c265e64ba\" style=\"color:#4d596a\"><a href=\"https:\/\/nordicfamilygroup.com\/sv\/om-oss\/\" data-type=\"page\" data-id=\"165\">L\u00e4s mer om v\u00e5r historia och v\u00e5r vision h\u00e4r.<\/a><\/p>\n\n\n\n<div class=\"wp-block-buttons is-content-justification-left is-layout-flex wp-container-core-buttons-is-layout-bc8e6f51 wp-block-buttons-is-layout-flex\">\n<div class=\"wp-block-button is-style-fill\"><a class=\"wp-block-button__link has-ast-global-color-2-color has-ast-global-color-5-background-color has-text-color has-background has-link-color has-border-color has-ast-global-color-3-border-color has-small-font-size has-custom-font-size wp-element-button\" href=\"mailto:info@nordicfamilygroup.com\" style=\"border-width:1px;padding-top:var(--wp--preset--spacing--40);padding-right:var(--wp--preset--spacing--60);padding-bottom:var(--wp--preset--spacing--40);padding-left:var(--wp--preset--spacing--60)\">Kontakta oss<\/a><\/div>\n<\/div>\n<\/div>\n<\/div><figure class=\"wp-block-media-text__media\"><img loading=\"lazy\" decoding=\"async\" width=\"880\" height=\"1024\" src=\"https:\/\/nordicfamilygroup.com\/wp-content\/uploads\/2025\/01\/pexels-itfeelslikefilm-1692050-3-880x1024.jpg\" alt=\"\" class=\"wp-image-262 size-full\" srcset=\"https:\/\/nordicfamilygroup.com\/wp-content\/uploads\/2025\/01\/pexels-itfeelslikefilm-1692050-3-880x1024.jpg 880w, https:\/\/nordicfamilygroup.com\/wp-content\/uploads\/2025\/01\/pexels-itfeelslikefilm-1692050-3-258x300.jpg 258w, https:\/\/nordicfamilygroup.com\/wp-content\/uploads\/2025\/01\/pexels-itfeelslikefilm-1692050-3-768x893.jpg 768w, https:\/\/nordicfamilygroup.com\/wp-content\/uploads\/2025\/01\/pexels-itfeelslikefilm-1692050-3-1321x1536.jpg 1321w\" sizes=\"auto, (max-width: 880px) 100vw, 880px\" \/><\/figure><\/div>\n<\/div>\n\n\n\n<div class=\"wp-block-group alignfull spacer-block--xl has-ast-global-color-5-background-color has-background is-layout-constrained wp-container-core-group-is-layout-9bbe97bb wp-block-group-is-layout-constrained\" id=\"whyus\">\n<h2 class=\"wp-block-heading has-text-align-center has-text-color has-link-color wp-elements-381b0251f9466f9442a4cdd11dfff085\" style=\"color:#002060\">N\u00e5gra av v\u00e5ra kunder.<\/h2>\n\n\n\n<div style=\"height:61px\" aria-hidden=\"true\" class=\"wp-block-spacer\"><\/div>\n\n\n\n<div class=\"wp-block-columns is-layout-flex wp-container-core-columns-is-layout-29aadeec wp-block-columns-is-layout-flex\" style=\"margin-top:60px\">\n<div class=\"wp-block-column is-layout-flow wp-container-core-column-is-layout-6b73ce23 wp-block-column-is-layout-flow\">\n<figure class=\"wp-block-image aligncenter size-large is-resized\"><img loading=\"lazy\" decoding=\"async\" width=\"1024\" height=\"249\" src=\"https:\/\/nordicfamilygroup.com\/wp-content\/uploads\/2025\/01\/Viaplay_logo-1024x249.png\" alt=\"\" class=\"wp-image-540\" style=\"width:269px;height:auto\" srcset=\"https:\/\/nordicfamilygroup.com\/wp-content\/uploads\/2025\/01\/Viaplay_logo-1024x249.png 1024w, https:\/\/nordicfamilygroup.com\/wp-content\/uploads\/2025\/01\/Viaplay_logo-300x73.png 300w, https:\/\/nordicfamilygroup.com\/wp-content\/uploads\/2025\/01\/Viaplay_logo-768x187.png 768w, https:\/\/nordicfamilygroup.com\/wp-content\/uploads\/2025\/01\/Viaplay_logo.png 1200w\" sizes=\"auto, (max-width: 1024px) 100vw, 1024px\" \/><\/figure>\n<\/div>\n\n\n\n<div class=\"wp-block-column is-vertically-aligned-top is-layout-flow wp-container-core-column-is-layout-6b73ce23 wp-block-column-is-layout-flow\">\n<figure class=\"wp-block-image aligncenter size-large is-resized\" style=\"margin-right:var(--wp--preset--spacing--60);margin-left:var(--wp--preset--spacing--60)\"><img loading=\"lazy\" decoding=\"async\" width=\"1024\" height=\"188\" src=\"https:\/\/nordicfamilygroup.com\/wp-content\/uploads\/2025\/01\/th_logo-1024x188.png\" alt=\"\" class=\"wp-image-545\" style=\"width:157px;height:auto\" srcset=\"https:\/\/nordicfamilygroup.com\/wp-content\/uploads\/2025\/01\/th_logo-1024x188.png 1024w, https:\/\/nordicfamilygroup.com\/wp-content\/uploads\/2025\/01\/th_logo-300x55.png 300w, https:\/\/nordicfamilygroup.com\/wp-content\/uploads\/2025\/01\/th_logo-768x141.png 768w, https:\/\/nordicfamilygroup.com\/wp-content\/uploads\/2025\/01\/th_logo.png 1310w\" sizes=\"auto, (max-width: 1024px) 100vw, 1024px\" \/><\/figure>\n<\/div>\n\n\n\n<div class=\"wp-block-column is-layout-flow wp-container-core-column-is-layout-6b73ce23 wp-block-column-is-layout-flow\">\n<figure class=\"wp-block-image aligncenter size-full is-resized\"><img loading=\"lazy\" decoding=\"async\" width=\"385\" height=\"120\" src=\"https:\/\/nordicfamilygroup.com\/wp-content\/uploads\/2025\/01\/decubal_logo.png\" alt=\"\" class=\"wp-image-275\" style=\"width:219px;height:auto\" srcset=\"https:\/\/nordicfamilygroup.com\/wp-content\/uploads\/2025\/01\/decubal_logo.png 385w, https:\/\/nordicfamilygroup.com\/wp-content\/uploads\/2025\/01\/decubal_logo-300x94.png 300w\" sizes=\"auto, (max-width: 385px) 100vw, 385px\" \/><\/figure>\n<\/div>\n\n\n\n<div class=\"wp-block-column is-layout-flow wp-block-column-is-layout-flow\">\n<figure class=\"wp-block-image aligncenter size-large is-resized\"><img loading=\"lazy\" decoding=\"async\" width=\"1024\" height=\"538\" src=\"https:\/\/nordicfamilygroup.com\/wp-content\/uploads\/2025\/01\/nestle_logo_brand-1024x538.avif\" alt=\"\" class=\"wp-image-539\" style=\"width:209px;height:auto\" srcset=\"https:\/\/nordicfamilygroup.com\/wp-content\/uploads\/2025\/01\/nestle_logo_brand-1024x538.avif 1024w, https:\/\/nordicfamilygroup.com\/wp-content\/uploads\/2025\/01\/nestle_logo_brand-300x158.avif 300w, https:\/\/nordicfamilygroup.com\/wp-content\/uploads\/2025\/01\/nestle_logo_brand-768x403.avif 768w, https:\/\/nordicfamilygroup.com\/wp-content\/uploads\/2025\/01\/nestle_logo_brand.avif 1200w\" sizes=\"auto, (max-width: 1024px) 100vw, 1024px\" \/><\/figure>\n<\/div>\n\n\n\n<div class=\"wp-block-column is-layout-flow wp-block-column-is-layout-flow\">\n<figure class=\"wp-block-image aligncenter size-full is-resized\"><img loading=\"lazy\" decoding=\"async\" width=\"512\" height=\"512\" src=\"https:\/\/nordicfamilygroup.com\/wp-content\/uploads\/2025\/01\/Nintendo_Switch_logo.svg_.png\" alt=\"\" class=\"wp-image-274\" style=\"width:110px;height:auto\" srcset=\"https:\/\/nordicfamilygroup.com\/wp-content\/uploads\/2025\/01\/Nintendo_Switch_logo.svg_.png 512w, https:\/\/nordicfamilygroup.com\/wp-content\/uploads\/2025\/01\/Nintendo_Switch_logo.svg_-300x300.png 300w, https:\/\/nordicfamilygroup.com\/wp-content\/uploads\/2025\/01\/Nintendo_Switch_logo.svg_-150x150.png 150w\" sizes=\"auto, (max-width: 512px) 100vw, 512px\" \/><\/figure>\n<\/div>\n<\/div>\n\n\n\n<p><\/p>\n<\/div>\n","protected":false},"excerpt":{"rendered":"<p>V\u00e5ra koncept. 01. BabyBox\u00ae BabyBox \u00e4r ett startkit som riktar sig till m\u00e5lgruppen gravida och nyblivna f\u00f6r\u00e4ldrar. 02. BabyBag\u00ae BabyBag [&hellip;]<\/p>\n","protected":false},"author":3,"featured_media":0,"parent":0,"menu_order":0,"comment_status":"closed","ping_status":"closed","template":"","meta":{"content-type":"","site-sidebar-layout":"no-sidebar","site-content-layout":"plain-container","ast-site-content-layout":"","site-content-style":"default","site-sidebar-style":"default","ast-global-header-display":"","ast-banner-title-visibility":"","ast-main-header-display":"","ast-hfb-above-header-display":"","ast-hfb-below-header-display":"","ast-hfb-mobile-header-display":"","site-post-title":"disabled","ast-breadcrumbs-content":"","ast-featured-img":"","footer-sml-layout":"","theme-transparent-header-meta":"enabled","adv-header-id-meta":"","stick-header-meta":"","header-above-stick-meta":"","header-main-stick-meta":"","header-below-stick-meta":"","astra-migrate-meta-layouts":"default","ast-page-background-enabled":"default","ast-page-background-meta":{"desktop":{"background-color":"var(--ast-global-color-4)","background-image":"","background-repeat":"repeat","background-position":"center center","background-size":"auto","background-attachment":"scroll","background-type":"","background-media":"","overlay-type":"","overlay-color":"","overlay-opacity":"","overlay-gradient":""},"tablet":{"background-color":"","background-image":"","background-repeat":"repeat","background-position":"center center","background-size":"auto","background-attachment":"scroll","background-type":"","background-media":"","overlay-type":"","overlay-color":"","overlay-opacity":"","overlay-gradient":""},"mobile":{"background-color":"","background-image":"","background-repeat":"repeat","background-position":"center center","background-size":"auto","background-attachment":"scroll","background-type":"","background-media":"","overlay-type":"","overlay-color":"","overlay-opacity":"","overlay-gradient":""}},"ast-content-background-meta":{"desktop":{"background-color":"var(--ast-global-color-5)","background-image":"","background-repeat":"repeat","background-position":"center center","background-size":"auto","background-attachment":"scroll","background-type":"","background-media":"","overlay-type":"","overlay-color":"","overlay-opacity":"","overlay-gradient":""},"tablet":{"background-color":"var(--ast-global-color-5)","background-image":"","background-repeat":"repeat","background-position":"center center","background-size":"auto","background-attachment":"scroll","background-type":"","background-media":"","overlay-type":"","overlay-color":"","overlay-opacity":"","overlay-gradient":""},"mobile":{"background-color":"var(--ast-global-color-5)","background-image":"","background-repeat":"repeat","background-position":"center center","background-size":"auto","background-attachment":"scroll","background-type":"","background-media":"","overlay-type":"","overlay-color":"","overlay-opacity":"","overlay-gradient":""}},"footnotes":""},"class_list":["post-12","page","type-page","status-publish","hentry"],"_links":{"self":[{"href":"https:\/\/nordicfamilygroup.com\/sv\/wp-json\/wp\/v2\/pages\/12","targetHints":{"allow":["GET"]}}],"collection":[{"href":"https:\/\/nordicfamilygroup.com\/sv\/wp-json\/wp\/v2\/pages"}],"about":[{"href":"https:\/\/nordicfamilygroup.com\/sv\/wp-json\/wp\/v2\/types\/page"}],"author":[{"embeddable":true,"href":"https:\/\/nordicfamilygroup.com\/sv\/wp-json\/wp\/v2\/users\/3"}],"replies":[{"embeddable":true,"href":"https:\/\/nordicfamilygroup.com\/sv\/wp-json\/wp\/v2\/comments?post=12"}],"version-history":[{"count":206,"href":"https:\/\/nordicfamilygroup.com\/sv\/wp-json\/wp\/v2\/pages\/12\/revisions"}],"predecessor-version":[{"id":1470,"href":"https:\/\/nordicfamilygroup.com\/sv\/wp-json\/wp\/v2\/pages\/12\/revisions\/1470"}],"wp:attachment":[{"href":"https:\/\/nordicfamilygroup.com\/sv\/wp-json\/wp\/v2\/media?parent=12"}],"curies":[{"name":"wp","href":"https:\/\/api.w.org\/{rel}","templated":true}]}}